{"id":21907,"date":"2022-02-01T10:59:57","date_gmt":"2022-02-01T09:59:57","guid":{"rendered":"https:\/\/www.pierre-chavin.com\/mentions-legales\/"},"modified":"2022-10-10T09:16:36","modified_gmt":"2022-10-10T07:16:36","slug":"legal-notice","status":"publish","type":"page","link":"https:\/\/chavin.defacto.ovh\/en\/legal-notice\/","title":{"rendered":"Legal Notice"},"content":{"rendered":"<p>[et_pb_section fb_built=&#8221;1&#8243; admin_label=&#8221;Section &#8211; Ent\u00eate \/ Slider H.500px&#8221; module_id=&#8221;entete-hauteur&#8221; module_class=&#8221;entete-hauteur-page slider&#8221; _builder_version=&#8221;4.9.2&#8243; _module_preset=&#8221;default&#8221; background_color=&#8221;#efefef&#8221; global_colors_info=&#8221;{}&#8221;][et_pb_row admin_label=&#8221;Ligne &#8211; Ent\u00eate \/ Slider H.500px&#8221; module_class=&#8221;row-width row-width-full&#8221; _builder_version=&#8221;4.14.5&#8243; _module_preset=&#8221;default&#8221; global_colors_info=&#8221;{}&#8221;][et_pb_column type=&#8221;4_4&#8243; _builder_version=&#8221;4.6.1&#8243; _module_preset=&#8221;default&#8221; global_colors_info=&#8221;{}&#8221;][et_pb_slider show_pagination=&#8221;off&#8221; admin_label=&#8221;Slider DIVI \/ H.500px&#8221; module_class=&#8221;slider-basique&#8221; _builder_version=&#8221;4.14.5&#8243; _module_preset=&#8221;default&#8221; global_colors_info=&#8221;{}&#8221;][et_pb_slide _builder_version=&#8221;4.14.5&#8243; _module_preset=&#8221;default&#8221; background_enable_color=&#8221;off&#8221; background_image=&#8221;https:\/\/chavin.defacto.ovh\/wp-content\/uploads\/2022\/02\/chavin-bacground-entete-pages-legales.jpg&#8221; background_enable_image=&#8221;on&#8221; global_colors_info=&#8221;{}&#8221; sticky_transition=&#8221;on&#8221;]<\/p>\n<h1>Mentions <strong>L\u00e9gales<\/strong><\/h1>\n<p>[\/et_pb_slide][\/et_pb_slider][\/et_pb_column][\/et_pb_row][\/et_pb_section][et_pb_section fb_built=&#8221;1&#8243; admin_label=&#8221;Section &#8211; Mentions l\u00e9gales&#8221; module_class=&#8221;section-text-general&#8221; _builder_version=&#8221;4.6.1&#8243; _module_preset=&#8221;default&#8221; background_enable_color=&#8221;off&#8221; global_colors_info=&#8221;{}&#8221;][et_pb_row use_custom_gutter=&#8221;on&#8221; make_equal=&#8221;on&#8221; admin_label=&#8221;Ligne &#8211; Mentions l\u00e9gales&#8221; module_class=&#8221;row-width&#8221; _builder_version=&#8221;4.14.5&#8243; _module_preset=&#8221;default&#8221; global_colors_info=&#8221;{}&#8221;][et_pb_column type=&#8221;4_4&#8243; _builder_version=&#8221;4.6.1&#8243; _module_preset=&#8221;default&#8221; global_colors_info=&#8221;{}&#8221;][et_pb_text admin_label=&#8221;Mentions l\u00e9gales&#8221; module_class=&#8221;bloc-general-texte no-center&#8221; _builder_version=&#8221;4.14.5&#8243; _module_preset=&#8221;default&#8221; global_colors_info=&#8221;{}&#8221;]<\/p>\n<h3>1. PR\u00c9AMBULE<\/h3>\n<p>Les pr\u00e9sentes conditions g\u00e9n\u00e9rales ont pour objet de d\u00e9finir les modalit\u00e9s dans lesquelles Pierre Chavin met \u00e0 la disposition de ses utilisateurs le site, et les services disponibles sur le site et d\u2019autre part, la mani\u00e8re par laquelle l\u2019utilisateur acc\u00e8de au site et utilise ses services.<\/p>\n<p>Toute connexion au site est subordonn\u00e9e au respect des pr\u00e9sentes conditions.<br \/>Pour l\u2019utilisateur, le simple acc\u00e8s au site de Pierre Chavin \u00e0 l\u2019adresse URL suivante www.pierre-chavin.com implique l\u2019acceptation de l\u2019ensemble des conditions d\u00e9crites ci-apr\u00e8s.<\/p>\n<h3>2. MENTIONS L\u00c9GALES<\/h3>\n<p>Pierre Chavin<br \/>\u2013 2 Boulevard Jean Bouin \u2013 34500 B\u00e9ziers France<br \/>\u2013 T\u00e9l. : +33 (0)4 67 90 12 60<br \/>\u2013 E-mail : info@pierre-chavin.com<br \/>\u2013 N\u00b0 TVA FR35519393524<br \/>\u2013 SIRET 519 393 524 000 11<br \/>\u2013 A.P.E. 4634Z<br \/>\u2013 R.C.S. BEZIERS 519 393 524 D\u00e9claration CNIL n\u00b0VET0058522t.<\/p>\n<p>Le site www.pierre-chavin.com est cr\u00e9\u00e9 par :<br \/>DEFACTO, Agence de communication<br \/>T\u00e9l\u00e9phone : +33 4 68 65 11 23<br \/>Adresse de messagerie : agence@studiodefacto.com<br \/>Soci\u00e9t\u00e9 \u00e0 Responsabilit\u00e9 Limit\u00e9e au capital de 7 622\u20ac, RCS NARBONNE 432 945 079<br \/>Directeurs de la publication : St\u00e9phane Casassus &amp; Barber\u00e0 Guillaume<\/p>\n<p>Le site www.pierre-chavin.com est h\u00e9berg\u00e9 par :<br \/>OVH<br \/>SAS au capital de 10 069 020 \u20ac<br \/>RCS Lille M\u00e9tropole 424 761 419 00045<br \/>Code APE 2620Z<br \/>N\u00b0 TVA : FR 22 424 761 419<br \/>Si\u00e8ge social : 2 rue Kellermann \u2013 59100 Roubaix \u2013 France<\/p>\n<h3>3. PROPRI\u00c9T\u00c9 INTELLECTUELLE<\/h3>\n<p>La structure g\u00e9n\u00e9rale du site www.pierre-chavin.com ainsi que les textes, graphiques, images, sons et vid\u00e9os la composant, sont la propri\u00e9t\u00e9 de Pierre Chavin. Toute repr\u00e9sentation, reproduction, ou exploitation partielle ou totale des contenus et des services propos\u00e9s par le site www.pierre-chavin.com, par quelque proc\u00e9d\u00e9 que ce soit, sans l\u2019autorisation expresse et \u00e9crite au pr\u00e9alable par Pierre Chavin est strictement interdite et sera susceptible de constituer une contrefa\u00e7on au sens des articles L 335-2 et suivants du Code de la propri\u00e9t\u00e9 intellectuelle.<\/p>\n<h3>4. LIENS HYPERTEXTES<\/h3>\n<p>Le site www.pierre-chavin.com peut contenir des liens hypertextes vers d\u2019autres sites web \u00e9dit\u00e9s par des tiers. Les liens vers ces autres ressources vous font quitter le site www.pierre-chavin.com. Dans la mesure o\u00f9 aucun contr\u00f4le n\u2019est effectu\u00e9 sur ces ressources externes, Pierre Chavin n\u2019est en aucun cas responsable de leur contenu.<\/p>\n<p>Il est possible de cr\u00e9er un lien vers la page de pr\u00e9sentation de ce site sans autorisation expresse de Pierre Chavin. Aucune autorisation ou demande d\u2019information pr\u00e9alable ne peut \u00eatre exig\u00e9e par Pierre Chavin \u00e0 l\u2019\u00e9gard d\u2019un site qui souhaite \u00e9tablir un lien vers le site de Pierre Chavin. <\/p>\n<p>Il convient toutefois d\u2019afficher ce site dans une nouvelle fen\u00eatre du navigateur. Cependant, Pierre Chavin se r\u00e9serve le droit de demander la suppression d\u2019un lien qu\u2019il estime non conforme \u00e0 l\u2019objet du site www.pierre-chavin.com.<\/p>\n<h3>5. RESPONSABILIT\u00c9 DE Pierre Chavin<\/h3>\n<p>Les informations et\/ou documents figurant sur ce site et\/ou accessibles par ce site proviennent de sources consid\u00e9r\u00e9es comme \u00e9tant fiables.<\/p>\n<p>Toutefois, ces informations et\/ou documents sont susceptibles de contenir des inexactitudes techniques et des erreurs typographiques.<\/p>\n<p>Pierre Chavin se r\u00e9serve le droit de les corriger, d\u00e8s que ces erreurs sont port\u00e9es \u00e0 sa connaissance.<br \/>Il est recommand\u00e9 de v\u00e9rifier l\u2019exactitude des informations et\/ou documents mis \u00e0 disposition sur ce site.<br \/>Les informations et\/ou documents disponibles sur ce site sont susceptibles d\u2019\u00eatre modifi\u00e9s \u00e0 tout moment. En particulier, ils peuvent avoir fait l\u2019objet d\u2019une mise \u00e0 jour entre le moment de leur t\u00e9l\u00e9chargement et celui o\u00f9 l\u2019utilisateur en prend connaissance.<\/p>\n<p>L\u2019utilisation des informations et\/ou documents disponibles sur ce site se fait sous l\u2019enti\u00e8re et seule responsabilit\u00e9 de l\u2019utilisateur, qui assume la totalit\u00e9 des cons\u00e9quences pouvant en d\u00e9couler, sans que Pierre Chavin puisse \u00eatre recherch\u00e9e \u00e0 ce titre, et sans recours contre ce dernier.<\/p>\n<p>Pierre Chavin n\u2019est en aucun cas responsable de tout dommage de quelque nature qu\u2019il soit r\u00e9sultant de l\u2019interpr\u00e9tation ou de l\u2019utilisation des informations et\/ou documents disponibles sur ce site.<\/p>\n<h3>6. ACC\u00c8S AU SITE<\/h3>\n<p>Pierre Chavin s\u2019efforce de permettre l\u2019acc\u00e8s au site 24 heures sur 24, 7 jours sur 7, sauf en cas de force majeure ou de faits ind\u00e9pendants de sa volont\u00e9, et sous r\u00e9serve d\u2019hypoth\u00e9tiques pannes et interventions de maintenance n\u00e9cessaires au bon fonctionnement du site et des services.<\/p>\n<p>Par cons\u00e9quent, Pierre Chavin ne peut garantir une disponibilit\u00e9 du site et\/ou des services, une fiabilit\u00e9 des transmissions et des performances en terme de temps de r\u00e9ponse ou de qualit\u00e9. Il n\u2019est pr\u00e9vu aucune assistance technique vis \u00e0 vis de l\u2019utilisateur que ce soit par des moyens \u00e9lectronique ou t\u00e9l\u00e9phonique.<br \/>La responsabilit\u00e9 de Pierre Chavin ne saurait \u00eatre engag\u00e9e en cas d\u2019impossibilit\u00e9 d\u2019acc\u00e8s \u00e0 ce site et\/ou d\u2019utilisation des services.<\/p>\n<p>Par ailleurs, Pierre Chavin peut \u00eatre amen\u00e9e \u00e0 interrompre le site ou une partie des services, \u00e0 tout moment sans pr\u00e9avis, le tout sans droit \u00e0 indemnit\u00e9s. L\u2019utilisateur reconna\u00eet et accepte que Pierre Chavin ne soit pas responsable des interruptions, et des cons\u00e9quences qui peuvent en d\u00e9couler pour l\u2019utilisateur ou tout tiers.<\/p>\n<h3>7. \u00c9VOLUTION DES CONDITIONS D\u2019UTILISATION<\/h3>\n<p>Pierre Chavin se r\u00e9serve le droit de modifier les termes et mentions des pr\u00e9sentes conditions d\u2019utilisation, \u00e0 tout moment et sans pr\u00e9avis, afin de les adapter aux \u00e9volutions du site et de son exploitation.<\/p>\n<h3>8. DROIT APPLICABLE<\/h3>\n<p>Le pr\u00e9sent site ainsi que ses conditions d\u2019utilisation sont r\u00e9gis par le droit fran\u00e7ais, quel que soit le lieu d\u2019utilisation. Toute contestation non r\u00e9solue \u00e0 l\u2019amiable entre les parties sera soumise aux tribunaux fran\u00e7ais qui seront seuls comp\u00e9tents pour conna\u00eetre de ce litige.<\/p>\n<p>[\/et_pb_text][\/et_pb_column][\/et_pb_row][\/et_pb_section]<\/p>\n","protected":false},"excerpt":{"rendered":"<p>Mentions L\u00e9gales1. PR\u00c9AMBULE Les pr\u00e9sentes conditions g\u00e9n\u00e9rales ont pour objet de d\u00e9finir les modalit\u00e9s dans lesquelles Pierre Chavin met \u00e0 la disposition de ses utilisateurs le site, et les services disponibles sur le site et d\u2019autre part, la mani\u00e8re par laquelle l\u2019utilisateur acc\u00e8de au site et utilise ses services. Toute connexion au site est subordonn\u00e9e [&hellip;]<\/p>\n","protected":false},"author":1,"featured_media":0,"parent":0,"menu_order":0,"comment_status":"closed","ping_status":"closed","template":"","meta":{"_acf_changed":false,"_et_pb_use_builder":"on","_et_pb_old_content":"","_et_gb_content_width":"","footnotes":""},"class_list":["post-21907","page","type-page","status-publish","hentry"],"acf":[],"_links":{"self":[{"href":"https:\/\/chavin.defacto.ovh\/en\/wp-json\/wp\/v2\/pages\/21907","targetHints":{"allow":["GET"]}}],"collection":[{"href":"https:\/\/chavin.defacto.ovh\/en\/wp-json\/wp\/v2\/pages"}],"about":[{"href":"https:\/\/chavin.defacto.ovh\/en\/wp-json\/wp\/v2\/types\/page"}],"author":[{"embeddable":true,"href":"https:\/\/chavin.defacto.ovh\/en\/wp-json\/wp\/v2\/users\/1"}],"replies":[{"embeddable":true,"href":"https:\/\/chavin.defacto.ovh\/en\/wp-json\/wp\/v2\/comments?post=21907"}],"version-history":[{"count":0,"href":"https:\/\/chavin.defacto.ovh\/en\/wp-json\/wp\/v2\/pages\/21907\/revisions"}],"wp:attachment":[{"href":"https:\/\/chavin.defacto.ovh\/en\/wp-json\/wp\/v2\/media?parent=21907"}],"curies":[{"name":"wp","href":"https:\/\/api.w.org\/{rel}","templated":true}]}}