{"id":22046,"date":"2022-02-01T11:45:09","date_gmt":"2022-02-01T10:45:09","guid":{"rendered":"https:\/\/www.pierre-chavin.com\/la-collection-avec-alcool\/"},"modified":"2024-07-31T12:13:50","modified_gmt":"2024-07-31T10:13:50","slug":"collections-with-alcohol","status":"publish","type":"page","link":"https:\/\/chavin.defacto.ovh\/en\/collections-with-alcohol\/","title":{"rendered":"Collections with alcohol"},"content":{"rendered":"<p>[et_pb_section fb_built=&#8221;1&#8243; admin_label=&#8221;Section &#8211; Titre Les collections avec alcool&#8221; module_id=&#8221;entete-hauteur&#8221; module_class=&#8221;entete-hauteur-page slider&#8221; _builder_version=&#8221;4.16&#8243; _module_preset=&#8221;default&#8221; background_color=&#8221;#efefef&#8221; global_colors_info=&#8221;{}&#8221;][et_pb_row admin_label=&#8221;Ligne &#8211; Titre Les collections avec alcool&#8221; module_class=&#8221;row-width row-width-full&#8221; _builder_version=&#8221;4.16&#8243; _module_preset=&#8221;default&#8221; global_colors_info=&#8221;{}&#8221;][et_pb_column type=&#8221;4_4&#8243; _builder_version=&#8221;4.16&#8243; _module_preset=&#8221;default&#8221; global_colors_info=&#8221;{}&#8221;][et_pb_slider show_pagination=&#8221;off&#8221; admin_label=&#8221;Titre &#8211; Les collections avec alcool&#8221; module_class=&#8221;slider-basique&#8221; _builder_version=&#8221;4.16&#8243; _module_preset=&#8221;default&#8221; global_colors_info=&#8221;{}&#8221;][et_pb_slide _builder_version=&#8221;4.16&#8243; _module_preset=&#8221;default&#8221; background_enable_color=&#8221;off&#8221; background_image=&#8221;https:\/\/chavin.defacto.ovh\/wp-content\/uploads\/2022\/02\/chavin-collection-avec-alcool-header.jpg&#8221; background_enable_image=&#8221;on&#8221; global_colors_info=&#8221;{}&#8221; sticky_transition=&#8221;on&#8221;]<\/p>\n<h1>Collections<br \/>with alcohol<\/h1>\n<p>[\/et_pb_slide][\/et_pb_slider][\/et_pb_column][\/et_pb_row][\/et_pb_section][et_pb_section fb_built=&#8221;1&#8243; admin_label=&#8221;Section &#8211; Intro pr\u00e9sentation&#8221; module_id=&#8221;intro-home&#8221; module_class=&#8221;section-text-general&#8221; _builder_version=&#8221;4.16&#8243; _module_preset=&#8221;default&#8221; background_enable_color=&#8221;off&#8221; global_colors_info=&#8221;{}&#8221;][et_pb_row use_custom_gutter=&#8221;on&#8221; make_equal=&#8221;on&#8221; admin_label=&#8221;Ligne &#8211; Titre + Texte Intro&#8221; module_class=&#8221;row-width&#8221; _builder_version=&#8221;4.16&#8243; _module_preset=&#8221;default&#8221; global_colors_info=&#8221;{}&#8221;][et_pb_column type=&#8221;4_4&#8243; _builder_version=&#8221;4.16&#8243; _module_preset=&#8221;default&#8221; global_colors_info=&#8221;{}&#8221;][et_pb_text admin_label=&#8221;Titre + Texte Intro&#8221; module_class=&#8221;bloc-general-texte center&#8221; _builder_version=&#8221;4.16&#8243; _module_preset=&#8221;default&#8221; global_colors_info=&#8221;{}&#8221;]<\/p>\n<p><strong>Chavin<\/strong> creates <strong>modern<\/strong>, <strong>quality<\/strong> wines with a <strong>recognised difference<\/strong>.<\/p>\n<p><strong>Chavin<\/strong>, being a <strong>responsible<\/strong> firm, produces ranges designed to meet consumer needs with consistency and meaning.<\/p>\n<p>[\/et_pb_text][\/et_pb_column][\/et_pb_row][\/et_pb_section][et_pb_section fb_built=&#8221;1&#8243; admin_label=&#8221;Section &#8211; Les collections avec alcool&#8221; module_class=&#8221;section-text-general&#8221; _builder_version=&#8221;4.16&#8243; _module_preset=&#8221;default&#8221; background_color=&#8221;#18191a&#8221; global_colors_info=&#8221;{}&#8221;][et_pb_row use_custom_gutter=&#8221;on&#8221; make_equal=&#8221;on&#8221; admin_label=&#8221;Ligne &#8211; Titre  Les collections avec alcool&#8221; module_class=&#8221;row-width row-width-titre&#8221; _builder_version=&#8221;4.16&#8243; _module_preset=&#8221;default&#8221; global_colors_info=&#8221;{}&#8221;][et_pb_column type=&#8221;4_4&#8243; _builder_version=&#8221;4.16&#8243; _module_preset=&#8221;default&#8221; global_colors_info=&#8221;{}&#8221;][et_pb_text admin_label=&#8221;Texte &#8211; Les collections avec alcool&#8221; module_class=&#8221;bloc-general-texte center blanc&#8221; _builder_version=&#8221;4.16&#8243; _module_preset=&#8221;default&#8221; global_colors_info=&#8221;{}&#8221;]<\/p>\n<h2>Collections<br \/>with alcohol<\/h2>\n<p>[\/et_pb_text][\/et_pb_column][\/et_pb_row][et_pb_row use_custom_gutter=&#8221;on&#8221; make_equal=&#8221;on&#8221; admin_label=&#8221;Ligne &#8211; Titre &#8211; Center&#8221; module_class=&#8221;row-width row-slider-collection&#8221; _builder_version=&#8221;4.16&#8243; _module_preset=&#8221;default&#8221; global_colors_info=&#8221;{}&#8221;][et_pb_column type=&#8221;4_4&#8243; _builder_version=&#8221;4.16&#8243; _module_preset=&#8221;default&#8221; global_colors_info=&#8221;{}&#8221;][et_pb_code admin_label=&#8221;Slider de produits&#8221; _builder_version=&#8221;4.16&#8243; _module_preset=&#8221;default&#8221; animation_style=&#8221;fade&#8221; animation_delay=&#8221;500ms&#8221; global_colors_info=&#8221;{}&#8221;][\/et_pb_code][\/et_pb_column][\/et_pb_row][\/et_pb_section][et_pb_section fb_built=&#8221;1&#8243; admin_label=&#8221;Section &#8211; Intro collections sans alcool&#8221; module_class=&#8221;section-text-general section-intro-collections&#8221; _builder_version=&#8221;4.16&#8243; _module_preset=&#8221;default&#8221; background_color=&#8221;#000000&#8243; global_colors_info=&#8221;{}&#8221;][et_pb_row column_structure=&#8221;1_2,1_2&#8243; use_custom_gutter=&#8221;on&#8221; make_equal=&#8221;on&#8221; admin_label=&#8221;Ligne &#8211; premiere section de texte&#8221; module_class=&#8221;row-width row-width-image no-marge-top&#8221; _builder_version=&#8221;4.16&#8243; _module_preset=&#8221;default&#8221; global_colors_info=&#8221;{}&#8221;][et_pb_column type=&#8221;1_2&#8243; _builder_version=&#8221;4.16&#8243; _module_preset=&#8221;default&#8221; global_colors_info=&#8221;{}&#8221;][et_pb_text admin_label=&#8221;Texte &#8211; All\u00e9g\u00e9s en alcool, sans sulfites ajout\u00e9s&#8230;&#8221; module_class=&#8221;bloc-general-texte blanc left&#8221; _builder_version=&#8221;4.16&#8243; _module_preset=&#8221;default&#8221; global_colors_info=&#8221;{}&#8221;]<\/p>\n\n<p>Low in alcohol content, without added sulphites and organic, this range meets different needs but always in perfect harmony with the demand of the moment.<\/p>\n<p>[\/et_pb_text][et_pb_image src=&#8221;https:\/\/chavin.defacto.ovh\/wp-content\/uploads\/2024\/07\/chavin-collection-avec-alcool-contenant-page.png&#8221; title_text=&#8221;chavin-collection-avec-alcool-contenant-page&#8221; module_class=&#8221;image-page-content&#8221; _builder_version=&#8221;4.24.3&#8243; _module_preset=&#8221;default&#8221; animation_style=&#8221;slide&#8221; animation_direction=&#8221;left&#8221; animation_delay=&#8221;500ms&#8221; animation_intensity_slide=&#8221;10%&#8221; hover_enabled=&#8221;0&#8243; global_colors_info=&#8221;{}&#8221; sticky_enabled=&#8221;0&#8243;][\/et_pb_image][\/et_pb_column][et_pb_column type=&#8221;1_2&#8243; module_class=&#8221;column-reverse&#8221; _builder_version=&#8221;4.16&#8243; _module_preset=&#8221;default&#8221; global_colors_info=&#8221;{}&#8221;][et_pb_image src=&#8221;https:\/\/chavin.defacto.ovh\/wp-content\/uploads\/2023\/05\/DSCF1383-kopiera_1080x1080.jpg&#8221; title_text=&#8221;DSCF1383 kopiera_1080x1080&#8243; module_class=&#8221;image-page-content&#8221; _builder_version=&#8221;4.20.2&#8243; _module_preset=&#8221;default&#8221; animation_style=&#8221;slide&#8221; animation_direction=&#8221;right&#8221; animation_delay=&#8221;500ms&#8221; animation_intensity_slide=&#8221;10%&#8221; global_colors_info=&#8221;{}&#8221;][\/et_pb_image][et_pb_text admin_label=&#8221;Texte &#8211; Chavin travaille ses packagings avec modernit\u00e9 et audace&#8230;&#8221; module_class=&#8221;bloc-general-texte blanc right&#8221; _builder_version=&#8221;4.16&#8243; _module_preset=&#8221;default&#8221; global_colors_info=&#8221;{}&#8221;]<\/p>\n<p><strong>Chavin<\/strong> designs its packaging with modernity and audacity. The house has understood the importance of <strong>design<\/strong> as well as the intrinsic quality of its wines. <strong>Chavin<\/strong> meticulously considers a wine from the inside out. <strong>Chavin<\/strong> creatively dares to use innovative or totally <strong>eco-designed packaging<\/strong>. The weight, the materials going as far as being biosourced, as well as the printing techniques are analysed to minimise the <strong>environmental<\/strong> impact.<\/p>\n<p>[\/et_pb_text][\/et_pb_column][\/et_pb_row][\/et_pb_section][et_pb_section fb_built=&#8221;1&#8243; admin_label=&#8221;Section &#8211; Les collections&#8221; module_class=&#8221;section-text-general&#8221; _builder_version=&#8221;4.16&#8243; _module_preset=&#8221;default&#8221; background_enable_color=&#8221;off&#8221; global_colors_info=&#8221;{}&#8221;][et_pb_row use_custom_gutter=&#8221;on&#8221; make_equal=&#8221;on&#8221; admin_label=&#8221;Ligne &#8211; Titre &#8211; Les collections&#8221; module_class=&#8221;row-width row-width-titre&#8221; _builder_version=&#8221;4.16&#8243; _module_preset=&#8221;default&#8221; global_colors_info=&#8221;{}&#8221;][et_pb_column type=&#8221;4_4&#8243; _builder_version=&#8221;4.16&#8243; _module_preset=&#8221;default&#8221; global_colors_info=&#8221;{}&#8221;][et_pb_text admin_label=&#8221;Titre &#8211; Les collections&#8221; module_class=&#8221;bloc-general-texte center&#8221; _builder_version=&#8221;4.16&#8243; _module_preset=&#8221;default&#8221; global_colors_info=&#8221;{}&#8221;]<\/p>\n<h2>Les collections<\/h2>\n<p>[\/et_pb_text][\/et_pb_column][\/et_pb_row][et_pb_row use_custom_gutter=&#8221;on&#8221; make_equal=&#8221;on&#8221; admin_label=&#8221;Ligne &#8211; Titre + Texte Intro&#8221; module_id=&#8221;collections-home&#8221; module_class=&#8221;row-width no-marge-top&#8221; _builder_version=&#8221;4.16&#8243; _module_preset=&#8221;default&#8221; collapsed=&#8221;off&#8221; global_colors_info=&#8221;{}&#8221;][et_pb_column type=&#8221;4_4&#8243; _builder_version=&#8221;4.16&#8243; _module_preset=&#8221;default&#8221; global_colors_info=&#8221;{}&#8221;][et_pb_text admin_label=&#8221;Titre + Texte collection&#8221; module_class=&#8221;bloc-general-texte center&#8221; _builder_version=&#8221;4.16&#8243; _module_preset=&#8221;default&#8221; global_colors_info=&#8221;{}&#8221;]<\/p>\n<p>Chavin is a creator of brands, wines with innovative profiles, thoughtful packaging, elegance and modernity combined to satisfy tastes. Organic, High Environmental Value, low in alcohol content, alcohol-free, no added sulphites, no preservatives, no pesticide residues\u2026<\/p>\n<p><strong>Today\u2019s trends and tomorrow\u2019s demands are presented in the House Collections.<\/strong><\/p>\n<p>[\/et_pb_text][et_pb_code admin_label=&#8221;Filtre Collections + collections&#8221; _builder_version=&#8221;4.16&#8243; _module_preset=&#8221;default&#8221; global_colors_info=&#8221;{}&#8221;][\/et_pb_code][\/et_pb_column][\/et_pb_row][\/et_pb_section]<\/p>\n","protected":false},"excerpt":{"rendered":"<p>Collectionswith alcoholChavin creates modern, quality wines with a recognised difference. Chavin, being a responsible firm, produces ranges designed to meet consumer needs with consistency and meaning.Collectionswith alcohol Low in alcohol content, without added sulphites and organic, this range meets different needs but always in perfect harmony with the demand of the moment.Chavin designs [&hellip;]<\/p>\n","protected":false},"author":1,"featured_media":0,"parent":0,"menu_order":0,"comment_status":"closed","ping_status":"closed","template":"","meta":{"_acf_changed":false,"_et_pb_use_builder":"on","_et_pb_old_content":"","_et_gb_content_width":"","footnotes":""},"class_list":["post-22046","page","type-page","status-publish","hentry"],"acf":[],"_links":{"self":[{"href":"https:\/\/chavin.defacto.ovh\/en\/wp-json\/wp\/v2\/pages\/22046","targetHints":{"allow":["GET"]}}],"collection":[{"href":"https:\/\/chavin.defacto.ovh\/en\/wp-json\/wp\/v2\/pages"}],"about":[{"href":"https:\/\/chavin.defacto.ovh\/en\/wp-json\/wp\/v2\/types\/page"}],"author":[{"embeddable":true,"href":"https:\/\/chavin.defacto.ovh\/en\/wp-json\/wp\/v2\/users\/1"}],"replies":[{"embeddable":true,"href":"https:\/\/chavin.defacto.ovh\/en\/wp-json\/wp\/v2\/comments?post=22046"}],"version-history":[{"count":0,"href":"https:\/\/chavin.defacto.ovh\/en\/wp-json\/wp\/v2\/pages\/22046\/revisions"}],"wp:attachment":[{"href":"https:\/\/chavin.defacto.ovh\/en\/wp-json\/wp\/v2\/media?parent=22046"}],"curies":[{"name":"wp","href":"https:\/\/api.w.org\/{rel}","templated":true}]}}