{"id":22107,"date":"2022-02-01T11:31:28","date_gmt":"2022-02-01T10:31:28","guid":{"rendered":"https:\/\/www.pierre-chavin.com\/politique-de-confidentialite\/"},"modified":"2022-10-10T09:20:09","modified_gmt":"2022-10-10T07:20:09","slug":"privacy-policy","status":"publish","type":"page","link":"https:\/\/chavin.defacto.ovh\/en\/privacy-policy\/","title":{"rendered":"Privacy Policy"},"content":{"rendered":"<p>[et_pb_section fb_built=&#8221;1&#8243; admin_label=&#8221;Section &#8211; Titre &#8211; Politique de confidentialit\u00e9&#8221; module_id=&#8221;entete-hauteur&#8221; module_class=&#8221;entete-hauteur-page slider&#8221; _builder_version=&#8221;4.9.2&#8243; _module_preset=&#8221;default&#8221; background_color=&#8221;#efefef&#8221; global_colors_info=&#8221;{}&#8221;][et_pb_row admin_label=&#8221;Ligne &#8211; Titre &#8211; Politique de confidentialit\u00e9&#8221; module_class=&#8221;row-width row-width-full&#8221; _builder_version=&#8221;4.14.5&#8243; _module_preset=&#8221;default&#8221; global_colors_info=&#8221;{}&#8221;][et_pb_column type=&#8221;4_4&#8243; _builder_version=&#8221;4.6.1&#8243; _module_preset=&#8221;default&#8221; global_colors_info=&#8221;{}&#8221;][et_pb_slider show_pagination=&#8221;off&#8221; admin_label=&#8221;Titre &#8211; Politique de confidentialit\u00e9&#8221; module_class=&#8221;slider-basique&#8221; _builder_version=&#8221;4.14.5&#8243; _module_preset=&#8221;default&#8221; global_colors_info=&#8221;{}&#8221;][et_pb_slide _builder_version=&#8221;4.14.5&#8243; _module_preset=&#8221;default&#8221; background_enable_color=&#8221;off&#8221; background_image=&#8221;https:\/\/chavin.defacto.ovh\/wp-content\/uploads\/2022\/02\/chavin-bacground-entete-pages-legales.jpg&#8221; background_enable_image=&#8221;on&#8221; global_colors_info=&#8221;{}&#8221; sticky_transition=&#8221;on&#8221;]<\/p>\n<h1>Politique de <strong>Confidentialit\u00e9<\/strong><\/h1>\n<p>[\/et_pb_slide][\/et_pb_slider][\/et_pb_column][\/et_pb_row][\/et_pb_section][et_pb_section fb_built=&#8221;1&#8243; admin_label=&#8221;Section &#8211; Politique de confidentialit\u00e9&#8221; module_class=&#8221;section-text-general&#8221; _builder_version=&#8221;4.6.1&#8243; _module_preset=&#8221;default&#8221; background_enable_color=&#8221;off&#8221; global_colors_info=&#8221;{}&#8221;][et_pb_row use_custom_gutter=&#8221;on&#8221; make_equal=&#8221;on&#8221; admin_label=&#8221;Ligne &#8211; Politique de confidentialit\u00e9&#8221; module_class=&#8221;row-width&#8221; _builder_version=&#8221;4.14.5&#8243; _module_preset=&#8221;default&#8221; global_colors_info=&#8221;{}&#8221;][et_pb_column type=&#8221;4_4&#8243; _builder_version=&#8221;4.6.1&#8243; _module_preset=&#8221;default&#8221; global_colors_info=&#8221;{}&#8221;][et_pb_text admin_label=&#8221;Politique de confidentialit\u00e9&#8221; module_class=&#8221;bloc-general-texte no-center&#8221; _builder_version=&#8221;4.14.5&#8243; _module_preset=&#8221;default&#8221; global_colors_info=&#8221;{}&#8221;]<\/p>\n<h3>1. Collecte de l\u2019information<\/h3>\n<p>Nous recueillons des informations lorsque vous nous contactez via le formulaire de recrutement et le formulaire de newsletter. Les informations recueillies incluent votre nom, pr\u00e9nom, entreprise, t\u00e9l\u00e9phone, votre adresse e-mail.<\/p>\n<p>En outre, nous recevons et enregistrons automatiquement des informations \u00e0 partir de votre ordinateur et navigateur, y compris votre adresse IP, vos logiciels et votre mat\u00e9riel, et la page que vous demandez.<\/p>\n<p>Nous conservons vos donn\u00e9es personnelles le temps de traitement de votre demande via le formulaire de recrutement.<\/p>\n<h3>2. Utilisation des informations<\/h3>\n<p>Toute les informations que nous recueillons aupr\u00e8s de vous peuvent \u00eatre utilis\u00e9es pour :<\/p>\n<ul>\n<li>Personnaliser votre exp\u00e9rience et r\u00e9pondre \u00e0 vos besoins individuels<\/li>\n<li>Am\u00e9liorer notre site web<\/li>\n<li>Am\u00e9liorer le service client et vos besoins de prise en charge<\/li>\n<li>Vous contacter par e-mail<\/li>\n<li>Administrer un concours, une promotion, ou une enqu\u00eate<\/li>\n<\/ul>\n<p>Conform\u00e9ment \u00e0 la loi \u00ab informatique et libert\u00e9s \u00bb du 6 janvier 1978 modifi\u00e9e, vous disposez d\u2019un droit d\u2019opposition et de rectification aux informations qui vous concernent. Vous disposez \u00e9galement d\u2019un droit \u00e0 la portabilit\u00e9, \u00e0 l\u2019effacement des donn\u00e9es des mineurs et directives apr\u00e8s d\u00e9c\u00e8s.<\/p>\n<p>Vous pouvez acc\u00e9der aux informations vous concernant en vous adressant \u00e0 : <strong>hello@pierre-chavin.com<\/strong><\/p>\n<p>Vous pouvez \u00e9galement d\u00e9poser une r\u00e9clamation aupr\u00e8s de la CNIL (Commission nationale de l\u2019Informatique et des libert\u00e9s).<\/p>\n<p>D\u2019apr\u00e8s l\u2019art. 34 du RGPD, Pierre Chavin s\u2019engage notamment \u00e0 vous notifier dans les meilleurs d\u00e9lais en cas de violation de vos donn\u00e9es.<\/p>\n<h3>3. Confidentialit\u00e9 du commerce en ligne<\/h3>\n<p>Nous sommes les seuls propri\u00e9taires des informations recueillies sur ce site. Vos informations personnelles ne seront pas vendues, \u00e9chang\u00e9es, transf\u00e9r\u00e9es, ou donn\u00e9es \u00e0 une autre soci\u00e9t\u00e9 pour n\u2019importe quelle raison, sans votre consentement, en dehors de ce qui est n\u00e9cessaire pour r\u00e9pondre \u00e0 une demande et \/ ou une transaction, comme par exemple pour exp\u00e9dier une commande.<\/p>\n<h3>4. Divulgation \u00e0 des tiers<\/h3>\n<p>Nous ne vendons, n\u2019\u00e9changeons et ne transf\u00e9rons pas vos informations personnelles identifiables \u00e0 des tiers. Cela ne comprend pas les tierce parties de confiance qui nous aident \u00e0 exploiter notre site Web ou \u00e0 mener nos affaires, tant que ces parties conviennent de garder ces informations confidentielles.<\/p>\n<p>Nous pensons qu\u2019il est n\u00e9cessaire de partager des informations afin d\u2019enqu\u00eater, de pr\u00e9venir ou de prendre des mesures concernant des activit\u00e9s ill\u00e9gales, fraudes pr\u00e9sum\u00e9es, situations impliquant des menaces potentielles \u00e0 la s\u00e9curit\u00e9 physique de toute personne, violations de nos conditions d\u2019utilisation, ou quand la loi nous y contraint.<\/p>\n<h3>5. Protection des informations<\/h3>\n<p>Nous mettons en \u0153uvre une vari\u00e9t\u00e9 de mesures de s\u00e9curit\u00e9 pour pr\u00e9server la s\u00e9curit\u00e9 de vos informations personnelles. Nous utilisons un cryptage \u00e0 la pointe de la technologie pour prot\u00e9ger les informations sensibles transmises en ligne.<\/p>\n<p>Nous prot\u00e9geons \u00e9galement vos informations hors ligne. Seuls les employ\u00e9s qui ont besoin d\u2019effectuer un travail sp\u00e9cifique (par exemple, la facturation ou le service \u00e0 la client\u00e8le) ont acc\u00e8s aux informations personnelles identifiables. Les ordinateurs et serveurs utilis\u00e9s pour stocker des informations personnelles identifiables sont conserv\u00e9s dans un environnement s\u00e9curis\u00e9.<\/p>\n<p><strong>Est-ce que nous utilisons des cookies ?<\/strong><br \/>Oui. Nos cookies am\u00e9liorent l\u2019acc\u00e8s \u00e0 notre site et identifient les visiteurs r\u00e9guliers. En outre, nos cookies am\u00e9liorent l\u2019exp\u00e9rience d\u2019utilisateur gr\u00e2ce au suivi et au ciblage de ses int\u00e9r\u00eats. Cependant, cette utilisation des cookies n\u2019est en aucune fa\u00e7on li\u00e9e \u00e0 des informations personnelles identifiables sur notre site.<\/p>\n<p>Les cookies utilis\u00e9s sur ce site web stockent un identifiant ou des instructions permettant de g\u00e9rer la navigation de l\u2019utilisateur sur notre site. Ils expirent pendant ou apr\u00e8s la session, ou apr\u00e8s un d\u00e9lai ne d\u00e9passant pas <strong>13 mois<\/strong>, conform\u00e9ment aux recommandations de la CNIL.<\/p>\n<p>Vous pouvez autoriser, bloquer ou supprimer les cookies install\u00e9s sur votre poste en param\u00e9trant les options de votre navigateur. Pour les navigateurs les plus courants, vous trouverez des indications via les liens suivants :<\/p>\n<ul>\n<li><a href=\"https:\/\/support.mozilla.org\/fr\/kb\/empecher-sites-enregistrer-preferences\" target=\"_blank\" rel=\"noopener noreferrer\">Firefox<\/a><\/li>\n<li><a href=\"https:\/\/support.google.com\/accounts\/answer\/61416?hl=en\" target=\"_blank\" rel=\"noopener noreferrer\">Chrome<\/a><\/li>\n<li><a href=\"http:\/\/windows.microsoft.com\/en-us\/windows-vista\/block-or-allow-cookies\" target=\"_blank\" rel=\"noopener noreferrer\">Internet Explorer<\/a><\/li>\n<li><a href=\"https:\/\/help.opera.com\/en\/latest\/web-preferences\/#cookies\" target=\"_blank\" rel=\"noopener noreferrer\" data-et-has-event-already=\"true\">Opera<\/a><\/li>\n<li><a href=\"https:\/\/support.apple.com\/kb\/PH17191?locale=en_US&amp;viewlocale=en_US\" target=\"_blank\" rel=\"noopener noreferrer\">Safari<\/a><\/li>\n<\/ul>\n<p>Enfin, nous tenons \u00e0 vous informer que la d\u00e9sactivation d\u2019un cookie pourrait emp\u00eacher ou rendre difficile la navigation ou la prestation des services propos\u00e9s sur notre site Internet.<\/p>\n<table style=\"width: 100%; border-color: #000000; border-style: solid;\" border=\"1px\" cellspacing=\"0\" cellpadding=\"5px\">\n<tbody>\n<tr style=\"border-color: #000000;\">\n<td style=\"border-color: #000000;\"><strong>Nom Cookie<\/strong><\/td>\n<td style=\"border-color: #000000;\"><strong>Dur\u00e9e de conservation<\/strong><\/td>\n<td style=\"border-color: #000000;\"><strong>Finalit\u00e9 cookie<\/strong><\/td>\n<\/tr>\n<tr style=\"border-color: #000000;\">\n<td style=\"border-color: #000000;\">_gat, _ga, _gid<\/td>\n<td style=\"border-color: #000000;\">13 mois<\/td>\n<td style=\"border-color: #000000;\">Google Analytics<\/td>\n<\/tr>\n<tr style=\"border-color: #000000;\">\n<td style=\"border-color: #000000;\">PHPSESSID<\/td>\n<td style=\"border-color: #000000;\">Dur\u00e9e de la session<\/td>\n<td style=\"border-color: #000000;\">Cookies session utilisateur de WordPress\/PHP<\/td>\n<\/tr>\n<\/tbody>\n<\/table>\n<h3>6. Se d\u00e9sabonner<\/h3>\n<p>Nous utilisons l\u2019adresse e-mail que vous fournissez pour vous envoyer des informations et mises \u00e0 jour relatives \u00e0 votre commande, des nouvelles de l\u2019entreprise de fa\u00e7on occasionnelle, des informations sur des produits li\u00e9s, etc. Si \u00e0 n\u2019importe quel moment vous souhaitez vous d\u00e9sinscrire et ne plus recevoir d\u2019e-mails, des instructions de d\u00e9sabonnement d\u00e9taill\u00e9es sont incluses en bas de chaque e-mail.<\/p>\n<h3>7. Consentement<\/h3>\n<p>En utilisant notre site, vous consentez \u00e0 notre politique de confidentialit\u00e9.<\/p>\n<p>[\/et_pb_text][\/et_pb_column][\/et_pb_row][\/et_pb_section]<\/p>\n","protected":false},"excerpt":{"rendered":"<p>Politique de Confidentialit\u00e91. Collecte de l\u2019information Nous recueillons des informations lorsque vous nous contactez via le formulaire de recrutement et le formulaire de newsletter. Les informations recueillies incluent votre nom, pr\u00e9nom, entreprise, t\u00e9l\u00e9phone, votre adresse e-mail. En outre, nous recevons et enregistrons automatiquement des informations \u00e0 partir de votre ordinateur et navigateur, y compris votre [&hellip;]<\/p>\n","protected":false},"author":1,"featured_media":0,"parent":0,"menu_order":0,"comment_status":"closed","ping_status":"closed","template":"","meta":{"_acf_changed":false,"_et_pb_use_builder":"on","_et_pb_old_content":"","_et_gb_content_width":"","footnotes":""},"class_list":["post-22107","page","type-page","status-publish","hentry"],"acf":[],"_links":{"self":[{"href":"https:\/\/chavin.defacto.ovh\/en\/wp-json\/wp\/v2\/pages\/22107","targetHints":{"allow":["GET"]}}],"collection":[{"href":"https:\/\/chavin.defacto.ovh\/en\/wp-json\/wp\/v2\/pages"}],"about":[{"href":"https:\/\/chavin.defacto.ovh\/en\/wp-json\/wp\/v2\/types\/page"}],"author":[{"embeddable":true,"href":"https:\/\/chavin.defacto.ovh\/en\/wp-json\/wp\/v2\/users\/1"}],"replies":[{"embeddable":true,"href":"https:\/\/chavin.defacto.ovh\/en\/wp-json\/wp\/v2\/comments?post=22107"}],"version-history":[{"count":0,"href":"https:\/\/chavin.defacto.ovh\/en\/wp-json\/wp\/v2\/pages\/22107\/revisions"}],"wp:attachment":[{"href":"https:\/\/chavin.defacto.ovh\/en\/wp-json\/wp\/v2\/media?parent=22107"}],"curies":[{"name":"wp","href":"https:\/\/api.w.org\/{rel}","templated":true}]}}