{"id":22273,"date":"2022-02-03T09:47:06","date_gmt":"2022-02-03T08:47:06","guid":{"rendered":"https:\/\/www.pierre-chavin.com\/jobs\/stages\/"},"modified":"2022-10-10T09:13:58","modified_gmt":"2022-10-10T07:13:58","slug":"internship","status":"publish","type":"page","link":"https:\/\/chavin.defacto.ovh\/en\/jobs\/internship\/","title":{"rendered":"Internship"},"content":{"rendered":"<p>[et_pb_section fb_built=&#8221;1&#8243; admin_label=&#8221;Section &#8211; Titre Chavin recrute&#8221; module_id=&#8221;entete-hauteur&#8221; module_class=&#8221;entete-hauteur-page slider&#8221; _builder_version=&#8221;4.9.2&#8243; _module_preset=&#8221;default&#8221; background_color=&#8221;#efefef&#8221; global_colors_info=&#8221;{}&#8221;][et_pb_row admin_label=&#8221;Ligne &#8211; Titre Chavin recrute&#8221; module_class=&#8221;row-width row-width-full&#8221; _builder_version=&#8221;4.14.5&#8243; _module_preset=&#8221;default&#8221; global_colors_info=&#8221;{}&#8221;][et_pb_column type=&#8221;4_4&#8243; _builder_version=&#8221;4.6.1&#8243; _module_preset=&#8221;default&#8221; global_colors_info=&#8221;{}&#8221;][et_pb_slider show_pagination=&#8221;off&#8221; admin_label=&#8221;Titre &#8211; Titre Chavin recrute&#8221; module_class=&#8221;slider-basique&#8221; _builder_version=&#8221;4.14.5&#8243; _module_preset=&#8221;default&#8221; global_colors_info=&#8221;{}&#8221;][et_pb_slide _builder_version=&#8221;4.14.5&#8243; _module_preset=&#8221;default&#8221; background_enable_color=&#8221;off&#8221; background_image=&#8221;https:\/\/chavin.defacto.ovh\/wp-content\/uploads\/2022\/02\/chavin-entete-les-recrutement.jpg&#8221; background_enable_image=&#8221;on&#8221; global_colors_info=&#8221;{}&#8221; sticky_transition=&#8221;on&#8221;]<\/p>\n<h1>Chavin is recruiting <strong>internship<\/strong><\/h1>\n\n<p>[\/et_pb_slide][\/et_pb_slider][\/et_pb_column][\/et_pb_row][\/et_pb_section][et_pb_section fb_built=&#8221;1&#8243; admin_label=&#8221;Section &#8211; Emplois&#8221; module_class=&#8221;section-text-general&#8221; _builder_version=&#8221;4.14.5&#8243; _module_preset=&#8221;default&#8221; background_color=&#8221;#18191a&#8221; global_colors_info=&#8221;{}&#8221;][et_pb_row use_custom_gutter=&#8221;on&#8221; make_equal=&#8221;on&#8221; disabled_on=&#8221;on|on|off&#8221; admin_label=&#8221;Ligne &#8211; Titre &#8211; Offres d&#8217;emploi &#038; stages&#8221; module_class=&#8221;row-width row-width-titre&#8221; _builder_version=&#8221;4.14.5&#8243; _module_preset=&#8221;default&#8221; global_colors_info=&#8221;{}&#8221;][et_pb_column type=&#8221;4_4&#8243; _builder_version=&#8221;4.6.1&#8243; _module_preset=&#8221;default&#8221; global_colors_info=&#8221;{}&#8221;][et_pb_text admin_label=&#8221;Offres d&#8217;emploi &#038; stages&#8221; module_class=&#8221;bloc-general-texte center blanc emplois&#8221; _builder_version=&#8221;4.14.5&#8243; _module_preset=&#8221;default&#8221; global_colors_info=&#8221;{}&#8221;]<\/p>\n<h2>Nos stages<\/h2>\n<p>Chavin est chercheur de talents. L\u2019\u00e9quipe Chavin est constitu\u00e9e d\u2019une motivation et<br \/>d\u2019une \u00e9nergie toute particuli\u00e8re. C\u2019est le condens\u00e9 d\u2019individualit\u00e9s passionn\u00e9es,<br \/>et le travail en \u00e9quipe qui fait la force de Chavin\u2026<\/p>\n<p>[\/et_pb_text][\/et_pb_column][\/et_pb_row][et_pb_row use_custom_gutter=&#8221;on&#8221; make_equal=&#8221;on&#8221; admin_label=&#8221;Ligne &#8211; Emplois&#8221; module_class=&#8221;row-width&#8221; _builder_version=&#8221;4.14.5&#8243; _module_preset=&#8221;default&#8221; global_colors_info=&#8221;{}&#8221;][et_pb_column type=&#8221;4_4&#8243; _builder_version=&#8221;4.6.1&#8243; _module_preset=&#8221;default&#8221; global_colors_info=&#8221;{}&#8221;][et_pb_code admin_label=&#8221;Liste Emplois &#8211; Stage&#8221; _builder_version=&#8221;4.14.5&#8243; _module_preset=&#8221;default&#8221; global_colors_info=&#8221;{}&#8221;]<!-- [et_pb_line_break_holder] -->[\/et_pb_code][\/et_pb_column][\/et_pb_row][\/et_pb_section]<\/p>\n","protected":false},"excerpt":{"rendered":"<p>Chavin is recruiting internship Nos stages Chavin est chercheur de talents. L\u2019\u00e9quipe Chavin est constitu\u00e9e d\u2019une motivation etd\u2019une \u00e9nergie toute particuli\u00e8re. C\u2019est le condens\u00e9 d\u2019individualit\u00e9s passionn\u00e9es,et le travail en \u00e9quipe qui fait la force de Chavin\u2026<\/p>\n","protected":false},"author":1,"featured_media":0,"parent":22266,"menu_order":0,"comment_status":"closed","ping_status":"closed","template":"","meta":{"_acf_changed":false,"_et_pb_use_builder":"on","_et_pb_old_content":"","_et_gb_content_width":"","footnotes":""},"class_list":["post-22273","page","type-page","status-publish","hentry"],"acf":[],"_links":{"self":[{"href":"https:\/\/chavin.defacto.ovh\/en\/wp-json\/wp\/v2\/pages\/22273","targetHints":{"allow":["GET"]}}],"collection":[{"href":"https:\/\/chavin.defacto.ovh\/en\/wp-json\/wp\/v2\/pages"}],"about":[{"href":"https:\/\/chavin.defacto.ovh\/en\/wp-json\/wp\/v2\/types\/page"}],"author":[{"embeddable":true,"href":"https:\/\/chavin.defacto.ovh\/en\/wp-json\/wp\/v2\/users\/1"}],"replies":[{"embeddable":true,"href":"https:\/\/chavin.defacto.ovh\/en\/wp-json\/wp\/v2\/comments?post=22273"}],"version-history":[{"count":0,"href":"https:\/\/chavin.defacto.ovh\/en\/wp-json\/wp\/v2\/pages\/22273\/revisions"}],"up":[{"embeddable":true,"href":"https:\/\/chavin.defacto.ovh\/en\/wp-json\/wp\/v2\/pages\/22266"}],"wp:attachment":[{"href":"https:\/\/chavin.defacto.ovh\/en\/wp-json\/wp\/v2\/media?parent=22273"}],"curies":[{"name":"wp","href":"https:\/\/api.w.org\/{rel}","templated":true}]}}